{"id":20,"date":"2014-06-15T17:00:46","date_gmt":"2014-06-15T15:00:46","guid":{"rendered":"https:\/\/www2.chemie.hu-berlin.de\/fachschaft\/wp\/?page_id=20"},"modified":"2023-10-11T12:42:05","modified_gmt":"2023-10-11T10:42:05","slug":"erstsemester-info","status":"publish","type":"page","link":"https:\/\/www2.chemie.hu-berlin.de\/fachschaft\/wp\/?page_id=20","title":{"rendered":"Erstsemester-Info"},"content":{"rendered":"<p><a href=\"https:\/\/www.chemie.hu-berlin.de\/de\/studium\/informationen-fuer-erstsemester-im-wise-2021-22\" target=\"_blank\" rel=\"noopener noreferrer\">Orientierungstag <\/a>am 11 Oktober 2023<\/p>\n<p><a href=\"https:\/\/www2.chemie.hu-berlin.de\/fachschaft\/wp\/wp-content\/uploads\/2014\/12\/IMG_2221.jpg\"><img loading=\"lazy\" decoding=\"async\" class=\"aligncenter size-large wp-image-213\" src=\"https:\/\/www2.chemie.hu-berlin.de\/fachschaft\/wp\/wp-content\/uploads\/2014\/12\/IMG_2221-1024x682.jpg\" alt=\"IMG_2221\" width=\"584\" height=\"388\" srcset=\"https:\/\/www2.chemie.hu-berlin.de\/fachschaft\/wp\/wp-content\/uploads\/2014\/12\/IMG_2221-1024x682.jpg 1024w, https:\/\/www2.chemie.hu-berlin.de\/fachschaft\/wp\/wp-content\/uploads\/2014\/12\/IMG_2221-300x200.jpg 300w, https:\/\/www2.chemie.hu-berlin.de\/fachschaft\/wp\/wp-content\/uploads\/2014\/12\/IMG_2221-450x300.jpg 450w\" sizes=\"(max-width: 584px) 100vw, 584px\" \/><\/a>Am Anfang des Studiums hat man viel zu organisieren und zu bedenken. Als kleine Hilfestellung haben wir euch die wichtigsten Fragen, die ihr euch stellen solltet und einige n\u00fctzliche Informationen zusammengetragen. Au\u00dferdem stellen wir euch hier unseren aktuellen <a href=\"https:\/\/www2.chemie.hu-berlin.de\/fachschaft\/Erstiflyer_2017-1.pdf\" target=\"_blank\" rel=\"noopener noreferrer\">Infoflyer<\/a> zur Verf\u00fcgung.<\/p>\n<ul style=\"list-style-type: disc;\">\n<li style=\"margin-bottom: 5px;\">Sind alle Imatrikulations-Unterlagen abgeschickt?<\/li>\n<li style=\"margin-bottom: 5px;\">Ist schon eine Wohnung gefunden?\n<ul style=\"list-style-type: circle;\">\n<li>Falls nein, hier eine \u00dcbersicht der <a href=\"http:\/\/www.studentenwerk-berlin.de\/wohnen\" target=\"_blank\" rel=\"noopener noreferrer\">Studentenwohnheime<\/a> und ein Link zu <a title=\"WG gesucht\" href=\"http:\/\/www.wg-gesucht.de\/wg-zimmer-in-Berlin.8.0.0.0.html\" target=\"_blank\" rel=\"noopener noreferrer\">WG gesucht<\/a>, einer Internetseite mit freien WG-Zimmern<\/li>\n<li>Falls ja, schon \u00fcberlegt, euren Erstwohnsitz nach Berlin zu verlegen um Zweitwohnsitzsteuern zu vermeiden?<\/li>\n<\/ul>\n<\/li>\n<li style=\"margin-bottom: 5px;\">Ist der <a href=\"https:\/\/www.berlin-bafoeg.de\/BAfoeGOnline\/BAfoeg\/FormblattAuswahl.aspx\" target=\"_blank\" rel=\"noopener noreferrer\">Baf\u00f6gantrag<\/a> schon gestellt? Auch wenn noch Unterlagen fehlen, sollte er schon abgeschickt und diese dann nachgereicht werden. So bekommt ihr r\u00fcckwirkend noch F\u00f6rderung.<\/li>\n<li style=\"margin-bottom: 5px;\">Schon \u00fcber den <a href=\"https:\/\/www2.chemie.hu-berlin.de\/fachschaft\/wp\/?page_id=372\">Mathevorkurs<\/a> nachgedacht? Chemie ist eine der &#8222;j\u00fcngeren&#8220; Naturwissenschaften und kommt ohne die &#8222;\u00e4lteren&#8220; Geschwister nicht aus. Grundlage f\u00fcr viele naturwissenschaftliche Beschreibungen und Modelle ist die Mathematik. Und darum spielt diese im Chemiestudium eine nicht zu untersch\u00e4tzende Rolle. Um euch den \u00dcbergang von der Schulmathematik in die Unipraxis zu vereinfachen, bietet die Fachschaft einen zweit\u00e4gigen freiwilligen Mathevorkurs an, der allgemeines und spezielles Oberstufenwissen wiederholt.<\/li>\n<li style=\"margin-bottom: 5px;\"><a title=\"Stundenplan\" href=\"http:\/\/vlvz1.physik.hu-berlin.de\/ws2019\/chemie\/\" target=\"_blank\" rel=\"noopener noreferrer\">Stundenplan<\/a> schon gefunden? Keine Angst, auch wenn die Seite zun\u00e4chst verwirrend aussieht, es ist halb so schlimm. Einfach in dem Kasten &#8222;Stundenplan&#8220; den Studiengang (<em>Bachelor of Chemistry<\/em> oder <em>Kombinationsfach Chemie<\/em>) ausw\u00e4hlen und dann den Punkt bei <em>1.FS<\/em> anklicken. Dann erfolgt eine automatische Weiterleitung. Falls es keine Auswahl <em>1.FS<\/em> gibt, seid ihr m\u00f6glicherweise im falschen Semester. Oben rechts auf der Seite k\u00f6nnt ihr das richtige Semester w\u00e4hlen. Es sollte das Wintersemester (<em>WS<\/em>) sein.<br \/>\nKauft euch am besten noch keine B\u00fccher, im Normalfall sagen euch eure Dozenten in der ersten Woche, auf welchen B\u00fcchern ihre Vorlesung aufbaut. Zum ersten Reinschnuppern k\u00f6nnen diese auch in der Bibliothek ausgeliehen werden. In der Regel empfiehlt es sich in h\u00f6heren Semestern nachzufragen, welche B\u00fccher langfristig wichtig sind.<\/li>\n<li style=\"margin-bottom: 5px;\">Schon den <a href=\"https:\/\/www.cms.hu-berlin.de\/de\/dl\/beratung\/antrag\/\" target=\"_blank\" rel=\"noopener noreferrer\">HU-Account<\/a> eingerichtet?\n<ul style=\"list-style-type: circle;\">\n<li>Daf\u00fcr wird die Immatrikulationsnummer (steht auf dem Studentenausweis) und eine PIN (steht auf dem Anschreiben zum ersten Studentenausweis) ben\u00f6tigt.<\/li>\n<li>Der HU-Account ist f\u00fcr das Studium an der HU unerl\u00e4sslich. Mit ihm bekommt ihr u.a. Zugriff auf die Pr\u00fcfungsanmeldung und Leistungs\u00fcbersicht bei <a title=\"AGNES\" href=\"https:\/\/agnes.hu-berlin.de\/lupo\/rds;jsessionid=4094A66E08587C63BD548055F307727E.angua_root?state=wlogin&amp;login=in&amp;breadCrumbSource=portal\" target=\"_blank\" rel=\"noopener noreferrer\">AGNES<\/a>, Zugriff auf die Plattform <a title=\"Moodle\" href=\"https:\/\/moodle.hu-berlin.de\/\" target=\"_blank\" rel=\"noopener noreferrer\">Moodle<\/a>, \u00fcber die euch Dozenten Lehrmaterialien zug\u00e4nglich machen und die M\u00f6glichkeit zur Nutzung einer automatisch erzeugten HU-E-Mail-Adresse.<\/li>\n<\/ul>\n<\/li>\n<li style=\"margin-bottom: 5px;\">Schon in der <a title=\"Universit\u00e4tsbibliothek\" href=\"http:\/\/www.ub.hu-berlin.de\/de\" target=\"_blank\" rel=\"noopener noreferrer\">Bibliothek<\/a> vorbeigeschaut? Wenn ihr ein Buch in einer der HU-Bibliotheken ausleihen m\u00f6chtet, ben\u00f6tigt ihr euren Studentenausweis. Darauf befindet sich ein Strichcode, der von den Ausleihautomaten gelesen werden kann. Sollte das mal nicht klappen kann die Identifikation auch \u00fcber Eingabe des Schriftcodes \u201cHUHS0<em>ImmaNummer<\/em>0\u201c (steht unter dem Strichcode) erfolgen. Informationen zum Bibliothekspasswort (<strong>nicht<\/strong> identisch mit HU-Account!) gibt es auf der <a title=\"FAQ-Seite der Universit\u00e4tsbibliothek\" href=\"https:\/\/www.ub.hu-berlin.de\/de\/bibliothek-benutzen\/auskunft\/faq-zum-online-katalog#section-1\" target=\"_blank\" rel=\"noopener noreferrer\">FAQ-Seite<\/a> der UB. Nach erfolgreicher Anmeldung k\u00f6nnt ihr dann auch online auf euer Konto zugreifen, um z.B. B\u00fccher zu verl\u00e4ngern.<\/li>\n<li style=\"margin-bottom: 5px;\">F\u00fcr weitere Technische Fragen wendet euch an den <a title=\"Computer- und Medienservice\" href=\"https:\/\/www.cms.hu-berlin.de\/de\/\" target=\"_blank\" rel=\"noopener noreferrer\">Computer- und Medienservice<\/a> (CMS). Hier findet ihr z.B. auch Informationen zum Zugang ins <a href=\"https:\/\/www.cms.hu-berlin.de\/dl\/netze\/wlan\" target=\"_blank\" rel=\"noopener noreferrer\">Uni-WLAN<\/a>.<\/li>\n<li style=\"margin-bottom: 5px;\">Noch weitere Fragen?\n<ul style=\"list-style-type: circle;\">\n<li>Alle notwendigen und auch viele zus\u00e4tzliche Informationen zum Studium erhaltet ihr in den Orientierungstagen. Diese finden meist in der ersten Woche vor Semesterbeginn (Mitte Oktober) statt.<br \/>\nDort gibt es a.u. Vortr\u00e4ge zu den Rechten und Pflichten der Studierenden, kurze Einblicke in die Fachdisziplinen der Chemie und die zugeh\u00f6rigen Studieninhalte, eine Infoveranstaltung der Bibliothek und &#8212; besonders empfehlenswert &#8212; unsere Campusrallye, bei der ihr nicht nur die wichtigsten Orte (H\u00f6rs\u00e4le, Labore, Beratungsstellen etc.) auf dem Campus kennen lernt und euch auch in den Emailverteiler der Fachschaft einschreiben k\u00f6nnt, sondern die M\u00f6glichkeit bekommt, euch mit euren neuen Kommilitonen bekannt zu machen.<\/li>\n<li>In jedem Fall und zu jedem Zeitpunkt k\u00f6nnt ihr euch nat\u00fcrlich gerne an <a href=\"https:\/\/www2.chemie.hu-berlin.de\/fachschaft\/wp\/?page_id=28\">uns<\/a> oder die <a href=\"https:\/\/www2.chemie.hu-berlin.de\/fachschaft\/wp\/?page_id=47\">Studienberatung<\/a> wenden.<\/li>\n<\/ul>\n<\/li>\n<\/ul>\n<p><strong>Generell gilt:<\/strong> z\u00f6gert nicht zu fragen; geratet aber auch nicht in Panik! Die meisten Probleme kl\u00e4ren sich in den ersten Wochen. Und wenn nicht, stehen wir euch gerne mit Rat und Tat zur Seite!<\/p>\n<p>Im Stundenplan und manchen anderen offiziellen Schreiben der HU werden statt der eigentlichen Adressen der Geb\u00e4ude oft deren interne K\u00fcrzel verwendet. So steht <strong>NEW14<\/strong> z.B. f\u00fcr das Lehrraumgeb\u00e4ude in der Newtonstr. 14. Der unten angef\u00fcgte Plan gibt Aufschluss \u00fcber alle K\u00fcrzel auf dem Campus Adlershof. Er ist ein Ausschnitt aus dem vollst\u00e4ndigen, etwas ung\u00fcnstig digitalisierten <a title=\"Geb\u00e4udeplan der HU\" href=\"https:\/\/www3.hu-berlin.de\/frame\/?url=gis.hu-berlin.de\/rc13\/layout-new.php%3Fq=1111\" target=\"_blank\" rel=\"noopener noreferrer\">Lageplan<\/a> aller Campus der HU.<\/p>\n<div id=\"attachment_207\" style=\"width: 594px\" class=\"wp-caption alignright\"><a href=\"https:\/\/www2.chemie.hu-berlin.de\/fachschaft\/wp\/wp-content\/uploads\/2014\/12\/CampusplanAHof.jpg\"><img loading=\"lazy\" decoding=\"async\" aria-describedby=\"caption-attachment-207\" class=\"wp-image-207 size-large\" src=\"https:\/\/www2.chemie.hu-berlin.de\/fachschaft\/wp\/wp-content\/uploads\/2014\/12\/CampusplanAHof-1024x715.jpg\" alt=\"Lageplan Adlershof mit Geb\u00e4udek\u00fcrzeln\" width=\"584\" height=\"407\" srcset=\"https:\/\/www2.chemie.hu-berlin.de\/fachschaft\/wp\/wp-content\/uploads\/2014\/12\/CampusplanAHof-1024x715.jpg 1024w, https:\/\/www2.chemie.hu-berlin.de\/fachschaft\/wp\/wp-content\/uploads\/2014\/12\/CampusplanAHof-300x209.jpg 300w, https:\/\/www2.chemie.hu-berlin.de\/fachschaft\/wp\/wp-content\/uploads\/2014\/12\/CampusplanAHof-429x300.jpg 429w\" sizes=\"(max-width: 584px) 100vw, 584px\" \/><\/a><p id=\"caption-attachment-207\" class=\"wp-caption-text\">Lageplan Adlershof mit Geb\u00e4udek\u00fcrzeln<\/p><\/div>\n","protected":false},"excerpt":{"rendered":"<p>Orientierungstag am 11 Oktober 2023 Am Anfang des Studiums hat man viel zu organisieren und zu bedenken. Als kleine Hilfestellung haben wir euch die wichtigsten Fragen, die ihr euch stellen solltet und einige n\u00fctzliche Informationen zusammengetragen. Au\u00dferdem stellen wir euch &hellip; <a href=\"https:\/\/www2.chemie.hu-berlin.de\/fachschaft\/wp\/?page_id=20\">Weiterlesen <span class=\"meta-nav\">&rarr;<\/span><\/a><\/p>\n","protected":false},"author":1,"featured_media":0,"parent":49,"menu_order":0,"comment_status":"closed","ping_status":"open","template":"","meta":{"footnotes":""},"class_list":["post-20","page","type-page","status-publish","hentry"],"_links":{"self":[{"href":"https:\/\/www2.chemie.hu-berlin.de\/fachschaft\/wp\/index.php?rest_route=\/wp\/v2\/pages\/20"}],"collection":[{"href":"https:\/\/www2.chemie.hu-berlin.de\/fachschaft\/wp\/index.php?rest_route=\/wp\/v2\/pages"}],"about":[{"href":"https:\/\/www2.chemie.hu-berlin.de\/fachschaft\/wp\/index.php?rest_route=\/wp\/v2\/types\/page"}],"author":[{"embeddable":true,"href":"https:\/\/www2.chemie.hu-berlin.de\/fachschaft\/wp\/index.php?rest_route=\/wp\/v2\/users\/1"}],"replies":[{"embeddable":true,"href":"https:\/\/www2.chemie.hu-berlin.de\/fachschaft\/wp\/index.php?rest_route=%2Fwp%2Fv2%2Fcomments&post=20"}],"version-history":[{"count":39,"href":"https:\/\/www2.chemie.hu-berlin.de\/fachschaft\/wp\/index.php?rest_route=\/wp\/v2\/pages\/20\/revisions"}],"predecessor-version":[{"id":1073,"href":"https:\/\/www2.chemie.hu-berlin.de\/fachschaft\/wp\/index.php?rest_route=\/wp\/v2\/pages\/20\/revisions\/1073"}],"up":[{"embeddable":true,"href":"https:\/\/www2.chemie.hu-berlin.de\/fachschaft\/wp\/index.php?rest_route=\/wp\/v2\/pages\/49"}],"wp:attachment":[{"href":"https:\/\/www2.chemie.hu-berlin.de\/fachschaft\/wp\/index.php?rest_route=%2Fwp%2Fv2%2Fmedia&parent=20"}],"curies":[{"name":"wp","href":"https:\/\/api.w.org\/{rel}","templated":true}]}}