{"id":22,"date":"2014-06-15T17:01:08","date_gmt":"2014-06-15T15:01:08","guid":{"rendered":"https:\/\/www2.chemie.hu-berlin.de\/fachschaft\/wp\/?page_id=22"},"modified":"2024-10-13T20:48:42","modified_gmt":"2024-10-13T18:48:42","slug":"fachschaftsfahrt","status":"publish","type":"page","link":"https:\/\/www2.chemie.hu-berlin.de\/fachschaft\/wp\/?page_id=22","title":{"rendered":"Fachschaftsfahrt"},"content":{"rendered":"\n<h2 class=\"wp-block-heading\"> 18.10 bis 20.10 ist wieder Fachschaftsfahrt<\/h2>\n\n\n\n<p>Am <em>18.-20.10.<\/em> ist <em>Fachschaftsfahrt<\/em> f\u00fcr <em>alle<\/em> Chemiestudierende \ud83e\udd73<\/p>\n\n\n\n<p><em>Wo?<\/em><br>\ud83d\udc49 Herberge &#8222;Sterntal Havelland&#8220;<br>\ud83d\udc49 N\u00e4he Falkensee<\/p>\n\n\n\n<p><em>Anreise?<\/em><br>\ud83d\udc49 18.10.<br>\ud83d\udc49 Treffpunkt: S-Bahnhof Zoologischer Garten 14 Uhr<\/p>\n\n\n\n<p><em>Was?<\/em><br>\ud83d\udc49 Coole Workshops<br>\ud83d\udc49 Leute zum Kennenlernen<br>\ud83d\udc49 inkl. Fr\u00fchst\u00fcck und Abendessen<\/p>\n\n\n\n<p><em>Weitere Infos und Anmeldung<\/em><br>\ud83d\udc49 FSI-B\u00fcro<br>\ud83d\udc49 Anmeldeschluss: <em>15.10.<\/em><\/p>\n\n\n\n<p>Wir freuen uns auf euch \ud83e\udd17<br>Eure FSI Chemie \ud83e\udde1<\/p>\n\n\n<p><img loading=\"lazy\" decoding=\"async\" class=\"alignnone size-large wp-image-763\" src=\"https:\/\/www2.chemie.hu-berlin.de\/fachschaft\/wp\/wp-content\/uploads\/2019\/06\/DSC7722-1024x680.jpg\" alt=\"\" width=\"584\" height=\"388\" srcset=\"https:\/\/www2.chemie.hu-berlin.de\/fachschaft\/wp\/wp-content\/uploads\/2019\/06\/DSC7722-1024x680.jpg 1024w, https:\/\/www2.chemie.hu-berlin.de\/fachschaft\/wp\/wp-content\/uploads\/2019\/06\/DSC7722-300x199.jpg 300w, https:\/\/www2.chemie.hu-berlin.de\/fachschaft\/wp\/wp-content\/uploads\/2019\/06\/DSC7722-768x510.jpg 768w, https:\/\/www2.chemie.hu-berlin.de\/fachschaft\/wp\/wp-content\/uploads\/2019\/06\/DSC7722-452x300.jpg 452w\" sizes=\"(max-width: 584px) 100vw, 584px\" \/><\/p>\n<p>Die Fachschaftsfahrt ist eine alte Tradition der Fachschaft, welche 2014 reinkarniert wurde. Die Fachschaftsfahrt ist eine semester\u00fcbergreifende Kursfahrt, meist \u00fcber drei Tage, an einen exklusiven Ort im Gro\u00dfraum Berlin-Brandenburg, der an einem See liegt. Sie findet nur einmal im Jahr &#8212; meist im sp\u00e4ten Fr\u00fchling &#8212; statt und ist offen f\u00fcr alle Chemiestudenten der HU. Das Ereignis wird von der Fachschaft organisiert und durch die Universit\u00e4t in einem definierten Rahmen finanziell unterst\u00fctzt.<\/p>\n<p><a href=\"https:\/\/www2.chemie.hu-berlin.de\/fachschaft\/wp\/wp-content\/uploads\/2014\/12\/Haus.jpg\"><img loading=\"lazy\" decoding=\"async\" class=\"aligncenter size-full wp-image-184\" src=\"https:\/\/www2.chemie.hu-berlin.de\/fachschaft\/wp\/wp-content\/uploads\/2014\/12\/Haus.jpg\" alt=\"Haus\" width=\"1920\" height=\"1280\" srcset=\"https:\/\/www2.chemie.hu-berlin.de\/fachschaft\/wp\/wp-content\/uploads\/2014\/12\/Haus.jpg 1920w, https:\/\/www2.chemie.hu-berlin.de\/fachschaft\/wp\/wp-content\/uploads\/2014\/12\/Haus-300x200.jpg 300w, https:\/\/www2.chemie.hu-berlin.de\/fachschaft\/wp\/wp-content\/uploads\/2014\/12\/Haus-1024x682.jpg 1024w, https:\/\/www2.chemie.hu-berlin.de\/fachschaft\/wp\/wp-content\/uploads\/2014\/12\/Haus-450x300.jpg 450w\" sizes=\"(max-width: 1920px) 100vw, 1920px\" \/><\/a>Die Fachschaftsfahrt ist die ideale Gelegenheit, eure Mitstudenten auch mal au\u00dferhalb der H\u00f6rs\u00e4le und des Labors kennenzulernen und mit dem einen oder der anderen interessanten Kommiliton*in in Kontakt zu kommen, neue Freunde kennen oder alte sch\u00e4tzen zu lernen. Besonders sportliche Studenten oder solche, die es gerne werden wollen, k\u00f6nnen auch gerne mit Fahrrad anreisen! Diese Touren versprechen stets eine lustige Erfahrung zu werden &#8211; auch schon f\u00fcr sich allein. Oftmals springt auch das ein oder andere Erfrischungseis dabei raus.<\/p>\n<p>Die Fachschaftsfahrt wei\u00df jedoch nicht nur mit Vernetzung und studentischem Zusammenhalt zu \u00fcberzeugen. Auch fachlich haben wir euch eine Menge zu bieten! W\u00e4hrend die Abende\/N\u00e4chte f\u00fcr soziale Studien \u00fcber das Verhalten ausgelassener Studierenden offen stehen, so ist der Tag mit einem ausgewogenen Angebot aus Workshops und Vortr\u00e4gen prim\u00e4r der chemischen Weiterbildung vorbehalten.<\/p>\n<p><img loading=\"lazy\" decoding=\"async\" class=\"alignnone size-large wp-image-762\" src=\"https:\/\/www2.chemie.hu-berlin.de\/fachschaft\/wp\/wp-content\/uploads\/2019\/06\/DSC7720-1024x680.jpg\" alt=\"\" width=\"584\" height=\"388\" srcset=\"https:\/\/www2.chemie.hu-berlin.de\/fachschaft\/wp\/wp-content\/uploads\/2019\/06\/DSC7720-1024x680.jpg 1024w, https:\/\/www2.chemie.hu-berlin.de\/fachschaft\/wp\/wp-content\/uploads\/2019\/06\/DSC7720-300x199.jpg 300w, https:\/\/www2.chemie.hu-berlin.de\/fachschaft\/wp\/wp-content\/uploads\/2019\/06\/DSC7720-768x510.jpg 768w, https:\/\/www2.chemie.hu-berlin.de\/fachschaft\/wp\/wp-content\/uploads\/2019\/06\/DSC7720-452x300.jpg 452w\" sizes=\"(max-width: 584px) 100vw, 584px\" \/><\/p>\n<p>So konnten wir euch letztes Jahr im Workshop \u201eLaTeX\u201c die Vorz\u00fcge einer sehr praktischen Opensource Software nahe legen, die sich f\u00fcr euch sp\u00e4testens beim Verfassen eurer Bachelorarbeit als \u00fcberaus praktisch erweisen d\u00fcrfte oder Euch die Welt der Fotographie und Fotoentwicklungstechnik n\u00e4her bringen.<\/p>\n<p><a href=\"https:\/\/www2.chemie.hu-berlin.de\/fachschaft\/wp\/wp-content\/uploads\/2014\/12\/Tim1.jpg\"><img loading=\"lazy\" decoding=\"async\" class=\"aligncenter size-full wp-image-191\" src=\"https:\/\/www2.chemie.hu-berlin.de\/fachschaft\/wp\/wp-content\/uploads\/2014\/12\/Tim1.jpg\" alt=\"Tim\" width=\"1920\" height=\"1280\" srcset=\"https:\/\/www2.chemie.hu-berlin.de\/fachschaft\/wp\/wp-content\/uploads\/2014\/12\/Tim1.jpg 1920w, https:\/\/www2.chemie.hu-berlin.de\/fachschaft\/wp\/wp-content\/uploads\/2014\/12\/Tim1-300x200.jpg 300w, https:\/\/www2.chemie.hu-berlin.de\/fachschaft\/wp\/wp-content\/uploads\/2014\/12\/Tim1-1024x682.jpg 1024w, https:\/\/www2.chemie.hu-berlin.de\/fachschaft\/wp\/wp-content\/uploads\/2014\/12\/Tim1-450x300.jpg 450w\" sizes=\"(max-width: 1920px) 100vw, 1920px\" \/><\/a>Nicht unvergessen bleiben die Kochkurse, in welchen praxisnah Konzepte von studentengerechter Ern\u00e4hrung ausgearbeitet und diese darauffolgend an den bereitgestellten Materialien umgesetzt werden.<\/p>\n<p><a href=\"https:\/\/www2.chemie.hu-berlin.de\/fachschaft\/wp\/wp-content\/uploads\/2014\/12\/Pizza.jpg\"><img loading=\"lazy\" decoding=\"async\" class=\"aligncenter size-full wp-image-189\" src=\"https:\/\/www2.chemie.hu-berlin.de\/fachschaft\/wp\/wp-content\/uploads\/2014\/12\/Pizza.jpg\" alt=\"Pizza\" width=\"3480\" height=\"1920\" srcset=\"https:\/\/www2.chemie.hu-berlin.de\/fachschaft\/wp\/wp-content\/uploads\/2014\/12\/Pizza.jpg 3480w, https:\/\/www2.chemie.hu-berlin.de\/fachschaft\/wp\/wp-content\/uploads\/2014\/12\/Pizza-300x165.jpg 300w, https:\/\/www2.chemie.hu-berlin.de\/fachschaft\/wp\/wp-content\/uploads\/2014\/12\/Pizza-1024x564.jpg 1024w, https:\/\/www2.chemie.hu-berlin.de\/fachschaft\/wp\/wp-content\/uploads\/2014\/12\/Pizza-500x275.jpg 500w\" sizes=\"(max-width: 3480px) 100vw, 3480px\" \/><\/a>Da wir, als angehende Chemiker, die Laborarbeit im Blut haben und uns ohne Glasger\u00e4te mit 29er Schliff schnell Heimweh zum Institut \u00fcberf\u00e4llt (&#8230;), gewinnen wir in Extraktionsexperimenten piperidinhaltiges Konzentrat aus Pfeffer im Feldlabor unter Einsazz von Soxhlet im \u00d6lbad. So werden nicht nur junge, sondern auch h\u00f6here Semester mit dem Reiz (ja Piperidin ist scharf) der Naturstoffe angesteckt.<\/p>\n<p><a href=\"https:\/\/www2.chemie.hu-berlin.de\/fachschaft\/wp\/wp-content\/uploads\/2014\/12\/Labor.jpg\"><img loading=\"lazy\" decoding=\"async\" class=\"aligncenter wp-image-185 \" src=\"https:\/\/www2.chemie.hu-berlin.de\/fachschaft\/wp\/wp-content\/uploads\/2014\/12\/Labor-682x1024.jpg\" alt=\"Labor\" width=\"350\" height=\"519\"><\/a>Nach soviel Spa\u00df und Spannung &#8212; wie sollten wir auch anders &#8212; beenden wir das Wochenende mit einem gro\u00dfen Lagerfeuer auf den gutseigenen L\u00e4ndereien.<\/p>\n<p><a href=\"https:\/\/www2.chemie.hu-berlin.de\/fachschaft\/wp\/wp-content\/uploads\/2014\/12\/FeuerII.jpg\"><img loading=\"lazy\" decoding=\"async\" class=\"aligncenter wp-image-181 \" src=\"https:\/\/www2.chemie.hu-berlin.de\/fachschaft\/wp\/wp-content\/uploads\/2014\/12\/FeuerII-682x1024.jpg\" alt=\"FeuerII\" width=\"350\" height=\"520\"><\/a>Unbest\u00e4tigten Quellen zufolge soll in einem Versuch schonmal feinster Absinth mit professionellem Labor-Equipment gewonnen worden sein. Wie wir bereits in unserer Presseerkl\u00e4rung verlautbaren lie\u00dfen, k\u00f6nnen wir dies weder best\u00e4tigen noch ausschlie\u00dfen.<\/p>\n<p><a href=\"https:\/\/www2.chemie.hu-berlin.de\/fachschaft\/wp\/wp-content\/uploads\/2014\/12\/Gruppe.jpg\"><img loading=\"lazy\" decoding=\"async\" class=\"aligncenter size-full wp-image-183\" src=\"https:\/\/www2.chemie.hu-berlin.de\/fachschaft\/wp\/wp-content\/uploads\/2014\/12\/Gruppe.jpg\" alt=\"Gruppe\" width=\"1920\" height=\"1280\" srcset=\"https:\/\/www2.chemie.hu-berlin.de\/fachschaft\/wp\/wp-content\/uploads\/2014\/12\/Gruppe.jpg 1920w, https:\/\/www2.chemie.hu-berlin.de\/fachschaft\/wp\/wp-content\/uploads\/2014\/12\/Gruppe-300x200.jpg 300w, https:\/\/www2.chemie.hu-berlin.de\/fachschaft\/wp\/wp-content\/uploads\/2014\/12\/Gruppe-1024x682.jpg 1024w, https:\/\/www2.chemie.hu-berlin.de\/fachschaft\/wp\/wp-content\/uploads\/2014\/12\/Gruppe-450x300.jpg 450w\" sizes=\"(max-width: 1920px) 100vw, 1920px\" \/><\/a><\/p>\n<p><a href=\"https:\/\/www2.chemie.hu-berlin.de\/fachschaft\/wp\/wp-content\/uploads\/2014\/12\/Fin.jpg\"><img loading=\"lazy\" decoding=\"async\" class=\"aligncenter wp-image-182\" src=\"https:\/\/www2.chemie.hu-berlin.de\/fachschaft\/wp\/wp-content\/uploads\/2014\/12\/Fin.jpg\" alt=\"Fin\" width=\"695\" height=\"483\"><\/a><\/p>","protected":false},"excerpt":{"rendered":"<p>18.10 bis 20.10 ist wieder Fachschaftsfahrt Am 18.-20.10. ist Fachschaftsfahrt f\u00fcr alle Chemiestudierende \ud83e\udd73 Wo?\ud83d\udc49 Herberge &#8222;Sterntal Havelland&#8220;\ud83d\udc49 N\u00e4he Falkensee Anreise?\ud83d\udc49 18.10.\ud83d\udc49 Treffpunkt: S-Bahnhof Zoologischer Garten 14 Uhr Was?\ud83d\udc49 Coole Workshops\ud83d\udc49 Leute zum Kennenlernen\ud83d\udc49 inkl. Fr\u00fchst\u00fcck und Abendessen Weitere Infos &hellip; <a href=\"https:\/\/www2.chemie.hu-berlin.de\/fachschaft\/wp\/?page_id=22\">Weiterlesen <span class=\"meta-nav\">&rarr;<\/span><\/a><\/p>\n","protected":false},"author":1,"featured_media":0,"parent":0,"menu_order":0,"comment_status":"closed","ping_status":"open","template":"","meta":{"footnotes":""},"class_list":["post-22","page","type-page","status-publish","hentry"],"_links":{"self":[{"href":"https:\/\/www2.chemie.hu-berlin.de\/fachschaft\/wp\/index.php?rest_route=\/wp\/v2\/pages\/22"}],"collection":[{"href":"https:\/\/www2.chemie.hu-berlin.de\/fachschaft\/wp\/index.php?rest_route=\/wp\/v2\/pages"}],"about":[{"href":"https:\/\/www2.chemie.hu-berlin.de\/fachschaft\/wp\/index.php?rest_route=\/wp\/v2\/types\/page"}],"author":[{"embeddable":true,"href":"https:\/\/www2.chemie.hu-berlin.de\/fachschaft\/wp\/index.php?rest_route=\/wp\/v2\/users\/1"}],"replies":[{"embeddable":true,"href":"https:\/\/www2.chemie.hu-berlin.de\/fachschaft\/wp\/index.php?rest_route=%2Fwp%2Fv2%2Fcomments&post=22"}],"version-history":[{"count":14,"href":"https:\/\/www2.chemie.hu-berlin.de\/fachschaft\/wp\/index.php?rest_route=\/wp\/v2\/pages\/22\/revisions"}],"predecessor-version":[{"id":1091,"href":"https:\/\/www2.chemie.hu-berlin.de\/fachschaft\/wp\/index.php?rest_route=\/wp\/v2\/pages\/22\/revisions\/1091"}],"wp:attachment":[{"href":"https:\/\/www2.chemie.hu-berlin.de\/fachschaft\/wp\/index.php?rest_route=%2Fwp%2Fv2%2Fmedia&parent=22"}],"curies":[{"name":"wp","href":"https:\/\/api.w.org\/{rel}","templated":true}]}}