{"id":372,"date":"2016-08-22T10:35:03","date_gmt":"2016-08-22T08:35:03","guid":{"rendered":"https:\/\/www2.chemie.hu-berlin.de\/fachschaft\/wp\/?page_id=372"},"modified":"2025-09-29T14:29:15","modified_gmt":"2025-09-29T12:29:15","slug":"mathevorkurs","status":"publish","type":"page","link":"https:\/\/www2.chemie.hu-berlin.de\/fachschaft\/wp\/?page_id=372","title":{"rendered":"Mathevorkurs"},"content":{"rendered":"<p><em>Was Erstsemester der Chemie oft \u00fcberrascht, ist der hohe Anteil an nicht klassisch chemischen Themen und Vorlesungen, die im Studium zu bestreiten sind, u.a. Physik, Thermodynamik, Quantenmechanik und Statistik bzw. Fehlerrechnung. Daher geh\u00f6ren zum Chemiestudium zwei Vorlesungen Mathematik.<br \/>Um f\u00fcr alle Erstsemesterstudierenden den Einstieg in die Hochschulmathematik bzw. den \u00dcbergang von der Schule so reibungslos wie m\u00f6glich zu gestalten, bietet die Fachschaft Chemie einen Mathevorkurs zur Wiederholung des Oberstufenwissens in Mathematik und zur Einf\u00fchrung einiger neuer, f\u00fcr die ersten Vorlesungen n\u00fctzlicher Konzepte an.<\/em><\/p>\n<p>Zur Teilnahme am Mathevorkurs zum WiSe2025\/26 tragt euch bitte in folgendem <a href=\"https:\/\/moodle.hu-berlin.de\/course\/view.php?id=98823\">Moodlekurs<\/a> ein:<\/p>\n<p><strong><span style=\"color: #3366ff; --darkreader-inline-color: #3d96ff;\" data-darkreader-inline-color=\"\">https:\/\/moodle.hu-berlin.de\/course\/view.php?id=98823<\/span><\/strong><\/p>\n<p>Dort findet ihr alle wichtigen Termine und Informationen.<br \/>Die Anmeldung bei Moodle erfolgt mit euren HU-Anmeldedaten.<\/p>\n<p>Die wichtigsten Infos hier schon einmal vorab:<\/p>\n<h2><strong>Der Mathevorkurs erstreckt sich \u00fcber vier Tage vom <span style=\"color: #ff0000; --darkreader-inline-color: #ff1a1a;\" data-darkreader-inline-color=\"\">06.10.22 &#8211; 10.10.22 (au\u00dfer am 08.10.25)<\/span><span style=\"--darkreader-inline-color: #ff1a1a;\">.<\/span><\/strong><\/h2>\n<ul>\n<li>Dieser beinhaltet insgesamt vier Vorlesungen und vier \u00dcbungen.<\/li>\n<li>Die Vorlesungen werden in pr\u00e4senz gehalten und <em>nicht<\/em> aufgezeichnet.<br \/>Ihr solltet also Papier und Stift zum Mitschreiben parat haben.<\/li>\n<li>Tragt euch bitte vorab im Moodlekurs in einer der \u00dcbungsgruppen ein und folgt dann zu den entsprechenden Zeiten dem Link zu eurer \u00dcbungsgruppe.<\/li>\n<li>Die Anzahl an \u00dcbungsaufgaben \u00fcbersteigt weit die Zeit die wir f\u00fcr den Mathevorkurs haben. Welche Aufgaben in den \u00dcbungsgruppen genau besprochen werden, wird euch am Tag vorher durch den Dozenten bzw. den \u00dcbungsleitern mitgeteilt.<\/li>\n<\/ul>\n<p><span style=\"color: #ff0000;\" data-darkreader-inline-color=\"\"><strong>Wichtig:\u00a0<span style=\"color: #ff0000;\" data-darkreader-inline-color=\"\">Damit der Mathevorkurs den gr\u00f6\u00dften Lerneffekt hat, ist es unbedingt notwendig die \u00dcbungsaufgaben im Vorfeld zu l\u00f6sen! <\/span><\/strong><\/span><\/p>\n<p><span style=\"color: #000000; --darkreader-inline-color: #ff1a1a;\" data-darkreader-inline-color=\"\"><span style=\"--darkreader-inline-color: #ff1a1a;\">Die Pr\u00e4sentation der \u00dcbungsaufgaben sollte im Idealfall durch die Kursteilnehmer erfolgen. Dies bringt den gr\u00f6\u00dften Lerneffekt mit sich und ist im universit\u00e4ren Umfeld Standard. Solltet ihr euch mit euren L\u00f6sungen unsicher sein, helfen die \u00dcbungsleiter euch weiter und finden mit euch zusammen den Weg.\u00a0<\/span><\/span><\/p>\n<p>Ihr braucht keine Angst oder \u00e4hnliches vor den \u00dcbungsgruppen oder \u00dcbungsleitern haben. Alle die euch im Mathevorkurs begegnen, befanden sich vor nicht allzu langer Zeit in der selben Position wie ihr und haben volles Verst\u00e4ndnis daf\u00fcr falls Probleme auftreten.<br \/>Dieser Mathevorkurs dient zu eurer eigenen Vorbereitung damit euch der \u00dcbergang ins Studium m\u00f6glichst leicht f\u00e4llt.<\/p>\n<p>Die Zeiten der Vorlesungen und \u00dcbungen werden unter vorbehalt wie folgt geplant:<\/p>\n\n\n<div class=\"wp-block-columns are-vertically-aligned-center is-layout-flex wp-container-core-columns-is-layout-2 wp-block-columns-is-layout-flex\">\n<div class=\"wp-block-column is-vertically-aligned-center is-layout-flow wp-block-column-is-layout-flow\" style=\"flex-basis:100%\">\n<div class=\"wp-block-columns is-layout-flex wp-container-core-columns-is-layout-1 wp-block-columns-is-layout-flex\">\n<div class=\"wp-block-column is-layout-flow wp-block-column-is-layout-flow\" style=\"flex-basis:100%\">\n<div class=\"wp-block-group\"><div class=\"wp-block-group__inner-container is-layout-flow wp-block-group-is-layout-flow\">\n<figure class=\"wp-block-table\"><table><tbody><tr><td class=\"has-text-align-center\" data-align=\"center\"><\/td><td class=\"has-text-align-center\" data-align=\"center\">09:00 bis 11:00 Uhr<\/td><td class=\"has-text-align-center\" data-align=\"center\">11:00 bis 14:00 Uhr<\/td><td><\/td><\/tr><tr><td class=\"has-text-align-center\" data-align=\"center\">Mo (06.10.)<\/td><td class=\"has-text-align-center\" data-align=\"center\">Vorlesung<\/td><td class=\"has-text-align-center\" data-align=\"center\">\u00dcbung<\/td><td><\/td><\/tr><tr><td class=\"has-text-align-center\" data-align=\"center\">Di (07.10.)<\/td><td class=\"has-text-align-center\" data-align=\"center\">Vorlesung<\/td><td class=\"has-text-align-center\" data-align=\"center\">\u00dcbung<\/td><td><\/td><\/tr><tr><td class=\"has-text-align-center\" data-align=\"center\">Do (09.10.)<\/td><td class=\"has-text-align-center\" data-align=\"center\">Vorlesung<\/td><td class=\"has-text-align-center\" data-align=\"center\">\u00dcbung<\/td><td><\/td><\/tr><tr><td class=\"has-text-align-center\" data-align=\"center\">Fr (10.10.)<\/td><td class=\"has-text-align-center\" data-align=\"center\">Vorlesung<\/td><td class=\"has-text-align-center\" data-align=\"center\">\u00dcbung<\/td><td><\/td><\/tr><\/tbody><\/table><figcaption class=\"wp-element-caption\">Zeitplan Mathevorkurs 2025\/2026<\/figcaption><\/figure>\n<\/div><\/div>\n<\/div>\n<\/div>\n<\/div>\n<\/div>\n\n\n\n<p>Es handelt sich bei dem Mathevorkurs um eine rein freiwillige Vorbereitungsveranstaltung, die kein Teil des Chemiestudiums ist und zu deren Teilnahme daher auch keine Voraussetzungen erf\u00fcllt werden m\u00fcssen. Sie steht allen interessierten Studienanf\u00e4ngern der Chemie (Mono- und Kombibachelor) offen. Es wird keinen Abschlusstest geben und es werden keine Zertifikate ausgestellt oder Studienpunkte verteilt.<\/p>\n\n\n\n<p>Fragen zum Mathevorkurs k\u00f6nnen direkt an die Fachschaft gerichtet werden: <a href=\"https:\/\/www2.chemie.hu-berlin.de\/fachschaft\/wp\/?page_id=28\">Kontakt<\/a><\/p>\n","protected":false},"excerpt":{"rendered":"<p>Was Erstsemester der Chemie oft \u00fcberrascht, ist der hohe Anteil an nicht klassisch chemischen Themen und Vorlesungen, die im Studium zu bestreiten sind, u.a. Physik, Thermodynamik, Quantenmechanik und Statistik bzw. Fehlerrechnung. Daher geh\u00f6ren zum Chemiestudium zwei Vorlesungen Mathematik.Um f\u00fcr alle &hellip; <a href=\"https:\/\/www2.chemie.hu-berlin.de\/fachschaft\/wp\/?page_id=372\">Weiterlesen <span class=\"meta-nav\">&rarr;<\/span><\/a><\/p>\n","protected":false},"author":1,"featured_media":0,"parent":0,"menu_order":0,"comment_status":"closed","ping_status":"closed","template":"","meta":{"footnotes":""},"class_list":["post-372","page","type-page","status-publish","hentry"],"_links":{"self":[{"href":"https:\/\/www2.chemie.hu-berlin.de\/fachschaft\/wp\/index.php?rest_route=\/wp\/v2\/pages\/372"}],"collection":[{"href":"https:\/\/www2.chemie.hu-berlin.de\/fachschaft\/wp\/index.php?rest_route=\/wp\/v2\/pages"}],"about":[{"href":"https:\/\/www2.chemie.hu-berlin.de\/fachschaft\/wp\/index.php?rest_route=\/wp\/v2\/types\/page"}],"author":[{"embeddable":true,"href":"https:\/\/www2.chemie.hu-berlin.de\/fachschaft\/wp\/index.php?rest_route=\/wp\/v2\/users\/1"}],"replies":[{"embeddable":true,"href":"https:\/\/www2.chemie.hu-berlin.de\/fachschaft\/wp\/index.php?rest_route=%2Fwp%2Fv2%2Fcomments&post=372"}],"version-history":[{"count":37,"href":"https:\/\/www2.chemie.hu-berlin.de\/fachschaft\/wp\/index.php?rest_route=\/wp\/v2\/pages\/372\/revisions"}],"predecessor-version":[{"id":1106,"href":"https:\/\/www2.chemie.hu-berlin.de\/fachschaft\/wp\/index.php?rest_route=\/wp\/v2\/pages\/372\/revisions\/1106"}],"wp:attachment":[{"href":"https:\/\/www2.chemie.hu-berlin.de\/fachschaft\/wp\/index.php?rest_route=%2Fwp%2Fv2%2Fmedia&parent=372"}],"curies":[{"name":"wp","href":"https:\/\/api.w.org\/{rel}","templated":true}]}}