{"id":4,"date":"2014-06-15T16:58:07","date_gmt":"2014-06-15T14:58:07","guid":{"rendered":"https:\/\/www2.chemie.hu-berlin.de\/fachschaft\/wp\/?page_id=4"},"modified":"2017-10-05T13:18:23","modified_gmt":"2017-10-05T11:18:23","slug":"aktivitaeten","status":"publish","type":"page","link":"https:\/\/www2.chemie.hu-berlin.de\/fachschaft\/wp\/?page_id=4","title":{"rendered":"Aktivit\u00e4ten"},"content":{"rendered":"<p>Ein Chemiestudium ist kein Spaziergang &#8211; soviel ist klar. Daher geben wir als Fachschaft stets unser Bestes, Euch diese Zeit so angenehm wie m\u00f6glich zu machen. Hierzu geh\u00f6rt nat\u00fcrlich auch vorrangig das Ansto\u00dfen und sich Vernetzen auf zahlreichen Festen und Veranstaltungen , um den Alltag kurzzeitig hinter sich zu lassen und neue Kraft zu sch\u00f6pfen. Eine Sammlung der gro\u00dfen j\u00e4hrlichen Events finden Ihr in dieser Rubrik.<\/p>\n","protected":false},"excerpt":{"rendered":"<p>Ein Chemiestudium ist kein Spaziergang &#8211; soviel ist klar. Daher geben wir als Fachschaft stets unser Bestes, Euch diese Zeit so angenehm wie m\u00f6glich zu machen. Hierzu geh\u00f6rt nat\u00fcrlich auch vorrangig das Ansto\u00dfen und sich Vernetzen auf zahlreichen Festen und &hellip; <a href=\"https:\/\/www2.chemie.hu-berlin.de\/fachschaft\/wp\/?page_id=4\">Weiterlesen <span class=\"meta-nav\">&rarr;<\/span><\/a><\/p>\n","protected":false},"author":1,"featured_media":0,"parent":0,"menu_order":0,"comment_status":"closed","ping_status":"open","template":"","meta":{"footnotes":""},"class_list":["post-4","page","type-page","status-publish","hentry"],"_links":{"self":[{"href":"https:\/\/www2.chemie.hu-berlin.de\/fachschaft\/wp\/index.php?rest_route=\/wp\/v2\/pages\/4"}],"collection":[{"href":"https:\/\/www2.chemie.hu-berlin.de\/fachschaft\/wp\/index.php?rest_route=\/wp\/v2\/pages"}],"about":[{"href":"https:\/\/www2.chemie.hu-berlin.de\/fachschaft\/wp\/index.php?rest_route=\/wp\/v2\/types\/page"}],"author":[{"embeddable":true,"href":"https:\/\/www2.chemie.hu-berlin.de\/fachschaft\/wp\/index.php?rest_route=\/wp\/v2\/users\/1"}],"replies":[{"embeddable":true,"href":"https:\/\/www2.chemie.hu-berlin.de\/fachschaft\/wp\/index.php?rest_route=%2Fwp%2Fv2%2Fcomments&post=4"}],"version-history":[{"count":2,"href":"https:\/\/www2.chemie.hu-berlin.de\/fachschaft\/wp\/index.php?rest_route=\/wp\/v2\/pages\/4\/revisions"}],"predecessor-version":[{"id":459,"href":"https:\/\/www2.chemie.hu-berlin.de\/fachschaft\/wp\/index.php?rest_route=\/wp\/v2\/pages\/4\/revisions\/459"}],"wp:attachment":[{"href":"https:\/\/www2.chemie.hu-berlin.de\/fachschaft\/wp\/index.php?rest_route=%2Fwp%2Fv2%2Fmedia&parent=4"}],"curies":[{"name":"wp","href":"https:\/\/api.w.org\/{rel}","templated":true}]}}