{"id":45,"date":"2014-06-15T17:14:45","date_gmt":"2014-06-15T15:14:45","guid":{"rendered":"https:\/\/www2.chemie.hu-berlin.de\/fachschaft\/wp\/?page_id=45"},"modified":"2018-12-19T10:56:11","modified_gmt":"2018-12-19T08:56:11","slug":"studien-und-pruefungsordnungen","status":"publish","type":"page","link":"https:\/\/www2.chemie.hu-berlin.de\/fachschaft\/wp\/?page_id=45","title":{"rendered":"Studien- und Pr\u00fcfungsordnungen"},"content":{"rendered":"<p><strong>S\u00e4mtliche Ordnungen sind auf der <a href=\"https:\/\/www.chemie.hu-berlin.de\/studium\" target=\"_blank\" rel=\"noopener\">Fakult\u00e4tsseite <\/a>vorzufinden.<\/strong><\/p>\n<p>F\u00fcr einige Ordnungen wurden nachtr\u00e4glich \u00c4nderungen beschlossen und im amtlichen Mitteilungsblatt der HU ver\u00f6ffentlicht. Diese sind damit auch offizieller Teil der entsprechenden Ordnungen und sollten bei der Lekt\u00fcre stets ber\u00fccksichtigt werden. Allgemein gilt f\u00fcr euch die Studien- bzw. Pr\u00fcfungsordnung, die zum Zeitpunkt eurer Immatrikulation rechtskr\u00e4ftig war. Eine Ausnahme bildet der Jahrgang von 2014. Die neue Bachelorstudienordnung wurde r\u00fcckwirkend f\u00fcr den Oktober 2014 in Kraft gesetzt.<\/p>\n<div id=\"dc_vk_code\" style=\"display: none;\"><\/div>\n","protected":false},"excerpt":{"rendered":"<p>S\u00e4mtliche Ordnungen sind auf der Fakult\u00e4tsseite vorzufinden. F\u00fcr einige Ordnungen wurden nachtr\u00e4glich \u00c4nderungen beschlossen und im amtlichen Mitteilungsblatt der HU ver\u00f6ffentlicht. Diese sind damit auch offizieller Teil der entsprechenden Ordnungen und sollten bei der Lekt\u00fcre stets ber\u00fccksichtigt werden. Allgemein gilt &hellip; <a href=\"https:\/\/www2.chemie.hu-berlin.de\/fachschaft\/wp\/?page_id=45\">Weiterlesen <span class=\"meta-nav\">&rarr;<\/span><\/a><\/p>\n","protected":false},"author":1,"featured_media":0,"parent":0,"menu_order":0,"comment_status":"closed","ping_status":"open","template":"","meta":{"footnotes":""},"class_list":["post-45","page","type-page","status-publish","hentry"],"_links":{"self":[{"href":"https:\/\/www2.chemie.hu-berlin.de\/fachschaft\/wp\/index.php?rest_route=\/wp\/v2\/pages\/45"}],"collection":[{"href":"https:\/\/www2.chemie.hu-berlin.de\/fachschaft\/wp\/index.php?rest_route=\/wp\/v2\/pages"}],"about":[{"href":"https:\/\/www2.chemie.hu-berlin.de\/fachschaft\/wp\/index.php?rest_route=\/wp\/v2\/types\/page"}],"author":[{"embeddable":true,"href":"https:\/\/www2.chemie.hu-berlin.de\/fachschaft\/wp\/index.php?rest_route=\/wp\/v2\/users\/1"}],"replies":[{"embeddable":true,"href":"https:\/\/www2.chemie.hu-berlin.de\/fachschaft\/wp\/index.php?rest_route=%2Fwp%2Fv2%2Fcomments&post=45"}],"version-history":[{"count":8,"href":"https:\/\/www2.chemie.hu-berlin.de\/fachschaft\/wp\/index.php?rest_route=\/wp\/v2\/pages\/45\/revisions"}],"predecessor-version":[{"id":649,"href":"https:\/\/www2.chemie.hu-berlin.de\/fachschaft\/wp\/index.php?rest_route=\/wp\/v2\/pages\/45\/revisions\/649"}],"wp:attachment":[{"href":"https:\/\/www2.chemie.hu-berlin.de\/fachschaft\/wp\/index.php?rest_route=%2Fwp%2Fv2%2Fmedia&parent=45"}],"curies":[{"name":"wp","href":"https:\/\/api.w.org\/{rel}","templated":true}]}}